{"id":6157,"date":"2023-10-06T19:09:34","date_gmt":"2023-10-06T17:09:34","guid":{"rendered":"https:\/\/johuys.be\/a-propos-de-moi\/"},"modified":"2026-02-14T14:55:05","modified_gmt":"2026-02-14T13:55:05","slug":"a-propos-de-moi","status":"publish","type":"page","link":"https:\/\/johuys.be\/fr\/a-propos-de-moi\/","title":{"rendered":"\u00c0 propos de moi"},"content":{"rendered":"\n<p><\/p>\n\n<h3 class=\"wp-block-heading\">\u00c0 propos de moi : du code \u00e0 la cr\u00e9ativit\u00e9 culinaire<\/h3>\n\n<p>Soyez les bienvenus ! Je suis Jo Huys, d\u00e9veloppeur de logiciels et passionn\u00e9 de cuisine et de p\u00e2tisserie. Ce blog a d&rsquo;abord \u00e9t\u00e9 ma propre exp\u00e9rience d&rsquo;apprentissage de WordPress, la plateforme utilis\u00e9e pour cr\u00e9er des millions de blogs et de sites web. Mais l&rsquo;apprentissage de WordPress s&rsquo;est rapidement transform\u00e9 en une plateforme o\u00f9 je partage mes aventures culinaires, qu&rsquo;il s&rsquo;agisse de recettes et de techniques cr\u00e9\u00e9es par moi-m\u00eame ou de plats que j&rsquo;ai appris au cours de ma formation.   <\/p>\n\n<p>Apr\u00e8s une formation professionnelle de cuisinier \u00e0 l&rsquo;OVE de Gand, j&rsquo;ai poursuivi des \u00e9tudes de chocolatier et de p\u00e2tissier. Avec chaque article, je souhaite combiner ma passion pour la cuisine et la technologie et partager mes exp\u00e9riences avec d&rsquo;autres personnes qui aiment tout autant se retrouver dans la cuisine. <\/p>\n\n<h3 class=\"wp-block-heading\">Soutien<\/h3>\n\n<p>johuys.be est un projet individuel sur lequel je travaille avec beaucoup de d\u00e9vouement et de temps. Chaque recette, chaque article et chaque photo sont \u00e9labor\u00e9s avec soin, ce qui demande non seulement du temps mais aussi de l&rsquo;investissement. J&rsquo;appr\u00e9cie donc toute forme de soutien, qu&rsquo;il soit financier, sous forme de conseils et d&rsquo;astuces, d&rsquo;assistance technique ou de partage de vos recettes pr\u00e9f\u00e9r\u00e9es.<\/p>\n\n<p>Vous souhaitez contribuer \u00e0 cette plateforme culinaire ? Il y a de nombreuses fa\u00e7ons d&rsquo;aider : <\/p>\n\n<ul class=\"wp-block-list\">\n<li><strong>M\u00e9dias sociaux :<\/strong> Suivez, aimez et partagez johuys.be sur Facebook et Instagram pour augmenter la port\u00e9e du blog.<\/li>\n\n\n\n<li><strong>Conseils techniques et assistance<\/strong>: les conseils concernant l&rsquo;optimisation du site web, la photographie ou les m\u00e9dias sociaux sont toujours les bienvenus.<\/li>\n\n\n\n<li><strong>Partagez vos recettes et vos anecdotes<\/strong>: Les contributions des passionn\u00e9s de cuisine sont tr\u00e8s appr\u00e9ci\u00e9es !<\/li>\n\n\n\n<li><strong>Commentaires et suggestions<\/strong>: Que pensez-vous des recettes et des articles ? Les id\u00e9es d&rsquo;am\u00e9lioration sont toujours les bienvenues. <\/li>\n\n\n\n<li><strong>Sponsoring et collaborations<\/strong>: Soutien financier, parrainage de produits ou collaboration avec des marques et des entreprises qui s&rsquo;alignent sur la vision culinaire de johuys.be.<\/li>\n<\/ul>\n\n<p>Ensemble, nous pouvons continuer \u00e0 d\u00e9velopper et \u00e0 innover dans cette aventure culinaire.<\/p>\n\n<h2 class=\"wp-block-heading\" id=\"h-waar-kun-je-mij-vinden\">\ud83d\udcf1 O <strong>\u00f9 pouvez-vous me trouver ?<\/strong><\/h2>\n\n<ul class=\"wp-block-list\">\n<li><strong>Facebook :<\/strong> <a href=\"https:\/\/www.facebook.com\/profile.php?id=61566545900998\" target=\"_blank\" rel=\"noreferrer noopener\">johuys.be<\/a><\/li>\n\n\n\n<li><strong>Instagram :<\/strong> <a href=\"https:\/\/www.instagram.com\/johuys.be\/\" target=\"_blank\" rel=\"noreferrer noopener\">johuys.be<\/a><\/li>\n\n\n\n<li><strong>X\/Twitter :<\/strong> <a href=\"https:\/\/x.com\/johuys\" target=\"_blank\" rel=\"noreferrer noopener\">x.com\/johuys<\/a><\/li>\n\n\n\n<li><strong>Pinterest :<\/strong> <a href=\"https:\/\/www.pinterest.com\/johuysbe\/\" target=\"_blank\" rel=\"noreferrer noopener\">pinterest.com\/johuysbe\/<\/a><\/li>\n\n\n\n<li><strong>Reddit :<\/strong> <a href=\"https:\/\/www.reddit.com\/user\/chefjohuys\/\">u\/ChefJoHuys<\/a><\/li>\n<\/ul>\n\n<p>\ud83d\udce7 <strong>Par courriel :<\/strong> <a href=\"mailto:chefjo@johuys.be\" target=\"_blank\" rel=\"noreferrer noopener\">chefjo@johuys.be<\/a><\/p>\n\n<p><strong>Merci pour votre soutien !<\/strong><\/p>\n\n<p><\/p>\n\n<p><\/p>\n","protected":false},"excerpt":{"rendered":"<p>\u00c0 propos de moi : du code \u00e0 la cr\u00e9ativit\u00e9 culinaire Soyez les bienvenus ! Je suis Jo Huys, d\u00e9veloppeur [&hellip;]<\/p>\n","protected":false},"author":1,"featured_media":0,"parent":0,"menu_order":0,"comment_status":"closed","ping_status":"closed","template":"","meta":{"_acf_changed":false,"rop_custom_images_group":[],"rop_custom_messages_group":[],"rop_publish_now":"initial","rop_publish_now_accounts":[],"rop_publish_now_history":[],"rop_publish_now_status":"pending","_uag_custom_page_level_css":"","wprm-recipe-roundup-name":"","wprm-recipe-roundup-description":"","wpupg_custom_link":[],"wpupg_custom_link_behaviour":[],"wpupg_custom_link_nofollow":[],"wpupg_custom_image":[],"wpupg_custom_image_id":[],"site-sidebar-layout":"default","site-content-layout":"","ast-site-content-layout":"default","site-content-style":"default","site-sidebar-style":"default","ast-global-header-display":"","ast-banner-title-visibility":"","ast-main-header-display":"","ast-hfb-above-header-display":"","ast-hfb-below-header-display":"","ast-hfb-mobile-header-display":"","site-post-title":"","ast-breadcrumbs-content":"","ast-featured-img":"","footer-sml-layout":"","ast-disable-related-posts":"","theme-transparent-header-meta":"","adv-header-id-meta":"","stick-header-meta":"","header-above-stick-meta":"","header-main-stick-meta":"","header-below-stick-meta":"","astra-migrate-meta-layouts":"default","ast-page-background-enabled":"default","ast-page-background-meta":{"desktop":{"background-color":"var(--ast-global-color-4)","background-image":"","background-repeat":"repeat","background-position":"center center","background-size":"auto","background-attachment":"scroll","background-type":"","background-media":"","overlay-type":"","overlay-color":"","overlay-opacity":"","overlay-gradient":""},"tablet":{"background-color":"","background-image":"","background-repeat":"repeat","background-position":"center center","background-size":"auto","background-attachment":"scroll","background-type":"","background-media":"","overlay-type":"","overlay-color":"","overlay-opacity":"","overlay-gradient":""},"mobile":{"background-color":"","background-image":"","background-repeat":"repeat","background-position":"center center","background-size":"auto","background-attachment":"scroll","background-type":"","background-media":"","overlay-type":"","overlay-color":"","overlay-opacity":"","overlay-gradient":""}},"ast-content-background-meta":{"desktop":{"background-color":"var(--ast-global-color-5)","background-image":"","background-repeat":"repeat","background-position":"center center","background-size":"auto","background-attachment":"scroll","background-type":"","background-media":"","overlay-type":"","overlay-color":"","overlay-opacity":"","overlay-gradient":""},"tablet":{"background-color":"var(--ast-global-color-5)","background-image":"","background-repeat":"repeat","background-position":"center center","background-size":"auto","background-attachment":"scroll","background-type":"","background-media":"","overlay-type":"","overlay-color":"","overlay-opacity":"","overlay-gradient":""},"mobile":{"background-color":"var(--ast-global-color-5)","background-image":"","background-repeat":"repeat","background-position":"center center","background-size":"auto","background-attachment":"scroll","background-type":"","background-media":"","overlay-type":"","overlay-color":"","overlay-opacity":"","overlay-gradient":""}},"footnotes":""},"class_list":["post-6157","page","type-page","status-publish","hentry"],"acf":[],"yoast_head":"<!-- This site is optimized with the Yoast SEO Premium plugin v27.3 (Yoast SEO v27.3) - https:\/\/yoast.com\/product\/yoast-seo-premium-wordpress\/ -->\n<title>\u00c0 propos de moi - Jo Huys<\/title>\n<meta name=\"robots\" content=\"noindex, follow\" \/>\n<meta property=\"og:locale\" content=\"fr_FR\" \/>\n<meta property=\"og:type\" content=\"article\" \/>\n<meta property=\"og:title\" content=\"\u00c0 propos de moi\" \/>\n<meta property=\"og:description\" content=\"\u00c0 propos de moi : du code \u00e0 la cr\u00e9ativit\u00e9 culinaire Soyez les bienvenus ! Je suis Jo Huys, d\u00e9veloppeur [&hellip;]\" \/>\n<meta property=\"og:url\" content=\"https:\/\/johuys.be\/fr\/a-propos-de-moi\/\" \/>\n<meta property=\"og:site_name\" content=\"Jo Huys\" \/>\n<meta property=\"article:publisher\" content=\"https:\/\/www.facebook.com\/huysjo\" \/>\n<meta property=\"article:modified_time\" content=\"2026-02-14T13:55:05+00:00\" \/>\n<meta name=\"twitter:card\" content=\"summary_large_image\" \/>\n<meta name=\"twitter:label1\" content=\"Dur\u00e9e de lecture estim\u00e9e\" \/>\n\t<meta name=\"twitter:data1\" content=\"2 minutes\" \/>\n<script type=\"application\/ld+json\" class=\"yoast-schema-graph\">{\"@context\":\"https:\\\/\\\/schema.org\",\"@graph\":[{\"@type\":\"WebPage\",\"@id\":\"https:\\\/\\\/johuys.be\\\/fr\\\/a-propos-de-moi\\\/\",\"url\":\"https:\\\/\\\/johuys.be\\\/fr\\\/a-propos-de-moi\\\/\",\"name\":\"\u00c0 propos de moi - Jo Huys\",\"isPartOf\":{\"@id\":\"https:\\\/\\\/johuys.be\\\/fr\\\/#website\"},\"datePublished\":\"2023-10-06T17:09:34+00:00\",\"dateModified\":\"2026-02-14T13:55:05+00:00\",\"breadcrumb\":{\"@id\":\"https:\\\/\\\/johuys.be\\\/fr\\\/a-propos-de-moi\\\/#breadcrumb\"},\"inLanguage\":\"fr-FR\",\"potentialAction\":[{\"@type\":\"ReadAction\",\"target\":[\"https:\\\/\\\/johuys.be\\\/fr\\\/a-propos-de-moi\\\/\"]}]},{\"@type\":\"BreadcrumbList\",\"@id\":\"https:\\\/\\\/johuys.be\\\/fr\\\/a-propos-de-moi\\\/#breadcrumb\",\"itemListElement\":[{\"@type\":\"ListItem\",\"position\":1,\"name\":\"Accueil\",\"item\":\"https:\\\/\\\/johuys.be\\\/fr\\\/recettes-de-saison\\\/\"},{\"@type\":\"ListItem\",\"position\":2,\"name\":\"\u00c0 propos de moi\"}]},{\"@type\":\"WebSite\",\"@id\":\"https:\\\/\\\/johuys.be\\\/fr\\\/#website\",\"url\":\"https:\\\/\\\/johuys.be\\\/fr\\\/\",\"name\":\"Foodie Jo Huys\",\"description\":\"Juste Quelques Recettes\",\"publisher\":{\"@id\":\"https:\\\/\\\/johuys.be\\\/fr\\\/#\\\/schema\\\/person\\\/d840f46d9b517977afb31e97943c1b23\"},\"alternateName\":\"Jo Huys Food Blog\",\"potentialAction\":[{\"@type\":\"SearchAction\",\"target\":{\"@type\":\"EntryPoint\",\"urlTemplate\":\"https:\\\/\\\/johuys.be\\\/fr\\\/?s={search_term_string}\"},\"query-input\":{\"@type\":\"PropertyValueSpecification\",\"valueRequired\":true,\"valueName\":\"search_term_string\"}}],\"inLanguage\":\"fr-FR\"},{\"@type\":[\"Person\",\"Organization\"],\"@id\":\"https:\\\/\\\/johuys.be\\\/fr\\\/#\\\/schema\\\/person\\\/d840f46d9b517977afb31e97943c1b23\",\"name\":\"Jo Huys\",\"image\":{\"@type\":\"ImageObject\",\"inLanguage\":\"fr-FR\",\"@id\":\"https:\\\/\\\/johuys.be\\\/wp-content\\\/uploads\\\/2020\\\/11\\\/cropped-logoJo-4.jpg\",\"url\":\"https:\\\/\\\/johuys.be\\\/wp-content\\\/uploads\\\/2020\\\/11\\\/cropped-logoJo-4.jpg\",\"contentUrl\":\"https:\\\/\\\/johuys.be\\\/wp-content\\\/uploads\\\/2020\\\/11\\\/cropped-logoJo-4.jpg\",\"width\":246,\"height\":300,\"caption\":\"Jo Huys\"},\"logo\":{\"@id\":\"https:\\\/\\\/johuys.be\\\/wp-content\\\/uploads\\\/2020\\\/11\\\/cropped-logoJo-4.jpg\"},\"sameAs\":[\"http:\\\/\\\/abeja.be\\\/foodie\",\"https:\\\/\\\/www.facebook.com\\\/huysjo\",\"https:\\\/\\\/www.linkedin.com\\\/in\\\/johuys\\\/\"]}]}<\/script>\n<!-- \/ Yoast SEO Premium plugin. -->","yoast_head_json":{"title":"\u00c0 propos de moi - Jo Huys","robots":{"index":"noindex","follow":"follow"},"og_locale":"fr_FR","og_type":"article","og_title":"\u00c0 propos de moi","og_description":"\u00c0 propos de moi : du code \u00e0 la cr\u00e9ativit\u00e9 culinaire Soyez les bienvenus ! Je suis Jo Huys, d\u00e9veloppeur [&hellip;]","og_url":"https:\/\/johuys.be\/fr\/a-propos-de-moi\/","og_site_name":"Jo Huys","article_publisher":"https:\/\/www.facebook.com\/huysjo","article_modified_time":"2026-02-14T13:55:05+00:00","twitter_card":"summary_large_image","twitter_misc":{"Dur\u00e9e de lecture estim\u00e9e":"2 minutes"},"schema":{"@context":"https:\/\/schema.org","@graph":[{"@type":"WebPage","@id":"https:\/\/johuys.be\/fr\/a-propos-de-moi\/","url":"https:\/\/johuys.be\/fr\/a-propos-de-moi\/","name":"\u00c0 propos de moi - Jo Huys","isPartOf":{"@id":"https:\/\/johuys.be\/fr\/#website"},"datePublished":"2023-10-06T17:09:34+00:00","dateModified":"2026-02-14T13:55:05+00:00","breadcrumb":{"@id":"https:\/\/johuys.be\/fr\/a-propos-de-moi\/#breadcrumb"},"inLanguage":"fr-FR","potentialAction":[{"@type":"ReadAction","target":["https:\/\/johuys.be\/fr\/a-propos-de-moi\/"]}]},{"@type":"BreadcrumbList","@id":"https:\/\/johuys.be\/fr\/a-propos-de-moi\/#breadcrumb","itemListElement":[{"@type":"ListItem","position":1,"name":"Accueil","item":"https:\/\/johuys.be\/fr\/recettes-de-saison\/"},{"@type":"ListItem","position":2,"name":"\u00c0 propos de moi"}]},{"@type":"WebSite","@id":"https:\/\/johuys.be\/fr\/#website","url":"https:\/\/johuys.be\/fr\/","name":"Foodie Jo Huys","description":"Juste Quelques Recettes","publisher":{"@id":"https:\/\/johuys.be\/fr\/#\/schema\/person\/d840f46d9b517977afb31e97943c1b23"},"alternateName":"Jo Huys Food Blog","potentialAction":[{"@type":"SearchAction","target":{"@type":"EntryPoint","urlTemplate":"https:\/\/johuys.be\/fr\/?s={search_term_string}"},"query-input":{"@type":"PropertyValueSpecification","valueRequired":true,"valueName":"search_term_string"}}],"inLanguage":"fr-FR"},{"@type":["Person","Organization"],"@id":"https:\/\/johuys.be\/fr\/#\/schema\/person\/d840f46d9b517977afb31e97943c1b23","name":"Jo Huys","image":{"@type":"ImageObject","inLanguage":"fr-FR","@id":"https:\/\/johuys.be\/wp-content\/uploads\/2020\/11\/cropped-logoJo-4.jpg","url":"https:\/\/johuys.be\/wp-content\/uploads\/2020\/11\/cropped-logoJo-4.jpg","contentUrl":"https:\/\/johuys.be\/wp-content\/uploads\/2020\/11\/cropped-logoJo-4.jpg","width":246,"height":300,"caption":"Jo Huys"},"logo":{"@id":"https:\/\/johuys.be\/wp-content\/uploads\/2020\/11\/cropped-logoJo-4.jpg"},"sameAs":["http:\/\/abeja.be\/foodie","https:\/\/www.facebook.com\/huysjo","https:\/\/www.linkedin.com\/in\/johuys\/"]}]}},"spectra_custom_meta":{"_top_nav_excluded":[""],"_cms_nav_minihome":[""],"_last_translation_edit_mode":["translation-editor"],"_wp_page_template":[""],"_yoast_indexnow_last_ping":["1771077305"],"_yoast_wpseo_focuskeywords":[""],"wprm_rating_no_text_comments":["a:0:{}"],"_wpml_word_count":["409"],"_wp_attachment_metadata":[""],"_yoast_wpseo_focuskw":["\u00c0 propos de moi"],"_yoast_wpseo_keywordsynonyms":[""],"copied_media_ids":["a:0:{}"],"referenced_media_ids":["a:0:{}"],"_yoast_wpseo_meta-robots-noindex":["1"],"_uag_css_file_name":["uag-css-6157.css"],"_uag_page_assets":["a:9:{s:3:\"css\";s:263:\".uag-blocks-common-selector{z-index:var(--z-index-desktop) !important}@media (max-width: 976px){.uag-blocks-common-selector{z-index:var(--z-index-tablet) !important}}@media (max-width: 767px){.uag-blocks-common-selector{z-index:var(--z-index-mobile) !important}}\n\";s:2:\"js\";s:0:\"\";s:18:\"current_block_list\";a:13:{i:0;s:14:\"core\/paragraph\";i:1;s:12:\"core\/heading\";i:2;s:9:\"core\/list\";i:3;s:14:\"core\/list-item\";i:4;s:20:\"wp-recipe-maker\/list\";i:5;s:10:\"core\/group\";i:6;s:17:\"core\/widget-group\";i:7;s:15:\"core\/categories\";i:8;s:17:\"core\/social-links\";i:10;s:17:\"core\/latest-posts\";i:11;s:11:\"core\/search\";i:12;s:23:\"jetpack\/sharing-buttons\";i:13;s:21:\"jetpack\/related-posts\";}s:8:\"uag_flag\";b:0;s:11:\"uag_version\";s:10:\"1776313866\";s:6:\"gfonts\";a:1:{s:7:\"Default\";a:2:{s:10:\"fontfamily\";s:7:\"Default\";s:12:\"fontvariants\";a:0:{}}}s:10:\"gfonts_url\";s:0:\"\";s:12:\"gfonts_files\";a:0:{}s:14:\"uag_faq_layout\";b:0;}"]},"uagb_featured_image_src":{"full":false,"thumbnail":false,"medium":false,"medium_large":false,"large":false,"1536x1536":false,"2048x2048":false,"wprm-metadata-1_1":false,"wprm-metadata-4_3":false,"wprm-metadata-16_9":false},"uagb_author_info":{"display_name":"Jo Huys","author_link":"https:\/\/johuys.be\/fr\/author\/johuys\/"},"uagb_comment_info":0,"uagb_excerpt":"\u00c0 propos de moi : du code \u00e0 la cr\u00e9ativit\u00e9 culinaire Soyez les bienvenus ! Je suis Jo Huys, d\u00e9veloppeur [&hellip;]","jetpack_sharing_enabled":true,"_links":{"self":[{"href":"https:\/\/johuys.be\/fr\/wp-json\/wp\/v2\/pages\/6157","targetHints":{"allow":["GET"]}}],"collection":[{"href":"https:\/\/johuys.be\/fr\/wp-json\/wp\/v2\/pages"}],"about":[{"href":"https:\/\/johuys.be\/fr\/wp-json\/wp\/v2\/types\/page"}],"author":[{"embeddable":true,"href":"https:\/\/johuys.be\/fr\/wp-json\/wp\/v2\/users\/1"}],"replies":[{"embeddable":true,"href":"https:\/\/johuys.be\/fr\/wp-json\/wp\/v2\/comments?post=6157"}],"version-history":[{"count":0,"href":"https:\/\/johuys.be\/fr\/wp-json\/wp\/v2\/pages\/6157\/revisions"}],"wp:attachment":[{"href":"https:\/\/johuys.be\/fr\/wp-json\/wp\/v2\/media?parent=6157"}],"curies":[{"name":"wp","href":"https:\/\/api.w.org\/{rel}","templated":true}]}}