{"id":6147,"date":"2023-10-06T19:09:34","date_gmt":"2023-10-06T17:09:34","guid":{"rendered":"https:\/\/johuys.be\/ueber-mich\/"},"modified":"2026-02-14T14:55:03","modified_gmt":"2026-02-14T13:55:03","slug":"ueber-mich","status":"publish","type":"page","link":"https:\/\/johuys.be\/de\/ueber-mich\/","title":{"rendered":"\u00dcber mich"},"content":{"rendered":"\n<p><\/p>\n\n<h3 class=\"wp-block-heading\">\u00dcber mich: Vom Code zur kulinarischen Kreativit\u00e4t<\/h3>\n\n<p>Herzlich willkommen! Ich bin Jo Huys, Softwareentwickler mit einer Leidenschaft f\u00fcr das Kochen und Backen. Dieser Blog begann einst als meine eigene Lernerfahrung bei der Entdeckung von WordPress, der Plattform, mit der Millionen von Blogs und Websites erstellt werden. Aber das Erlernen der Verwendung von WordPress entwickelte sich schnell zu einer Plattform, auf der ich meine kulinarischen Abenteuer teile, von selbst kreierten Rezepten und Techniken bis hin zu den Gerichten, die ich w\u00e4hrend meiner Ausbildung gelernt habe.   <\/p>\n\n<p>Nach meiner Ausbildung zur K\u00f6chin bei CVO Gent habe ich Schokolade und Konditorei studiert. Mit jedem Beitrag m\u00f6chte ich meine Leidenschaft f\u00fcr das Kochen und die Technik verbinden und meine Erfahrungen mit anderen teilen, die genauso gerne in der K\u00fcche stehen. <\/p>\n\n<h3 class=\"wp-block-heading\">Unterst\u00fctzen Sie<\/h3>\n\n<p>johuys.be ist ein Ein-Mann-Projekt, an dem ich mit gro\u00dfer Hingabe und viel Zeit arbeite. Jedes Rezept, jeder Beitrag und jedes Foto ist sorgf\u00e4ltig ausgearbeitet, was nicht nur Zeit, sondern auch Investitionen erfordert. Ich freue mich daher \u00fcber jede Form der Unterst\u00fctzung - sei es finanziell, in Form von Tipps und Tricks, technischer Unterst\u00fctzung oder dem Teilen Ihrer Lieblingsrezepte.<\/p>\n\n<p>M\u00f6chten Sie zu dieser kulinarischen Plattform beitragen? Es gibt viele M\u00f6glichkeiten zu helfen: <\/p>\n\n<ul class=\"wp-block-list\">\n<li><strong>Soziale Medien:<\/strong> Folgen, liken und teilen Sie johuys.be auf Facebook und Instagram, um die Reichweite des Blogs zu erh\u00f6hen.<\/li>\n\n\n\n<li><strong>Technische Tipps und Unterst\u00fctzung<\/strong>: Ratschl\u00e4ge zur Optimierung Ihrer Website, zur Fotografie oder zu sozialen Medien sind immer willkommen.<\/li>\n\n\n\n<li><strong>Teilen Sie Rezepte und Geschichten<\/strong>: Gastbeitr\u00e4ge von kulinarischen Enthusiasten sind sehr erw\u00fcnscht!<\/li>\n\n\n\n<li><strong>Feedback und Vorschl\u00e4ge<\/strong>: Was halten Sie von den Rezepten und Artikeln? Ideen zur Verbesserung sind immer willkommen. <\/li>\n\n\n\n<li><strong>Sponsoring und Kooperationen<\/strong>: Finanzielle Unterst\u00fctzung, Produktsponsoring oder Zusammenarbeit mit Marken und Unternehmen, die mit der kulinarischen Vision von johuys.be \u00fcbereinstimmen.<\/li>\n<\/ul>\n\n<p>Gemeinsam k\u00f6nnen wir dieses kulinarische Abenteuer weiter ausbauen und innovativ gestalten.<\/p>\n\n<h2 class=\"wp-block-heading\" id=\"h-waar-kun-je-mij-vinden\">\ud83d\udcf1 <strong>Wo k\u00f6nnen Sie mich finden?<\/strong><\/h2>\n\n<ul class=\"wp-block-list\">\n<li><strong>Facebook:<\/strong> <a href=\"https:\/\/www.facebook.com\/profile.php?id=61566545900998\" target=\"_blank\" rel=\"noreferrer noopener\">johuys.be<\/a><\/li>\n\n\n\n<li><strong>Instagram:<\/strong> <a href=\"https:\/\/www.instagram.com\/johuys.be\/\" target=\"_blank\" rel=\"noreferrer noopener\">johuys.be<\/a><\/li>\n\n\n\n<li><strong>X\/Twitter:<\/strong> <a href=\"https:\/\/x.com\/johuys\" target=\"_blank\" rel=\"noreferrer noopener\">x.com\/johuys<\/a><\/li>\n\n\n\n<li><strong>Pinterest:<\/strong> <a href=\"https:\/\/www.pinterest.com\/johuysbe\/\" target=\"_blank\" rel=\"noreferrer noopener\">pinterest.com\/johuysbe\/<\/a><\/li>\n\n\n\n<li><strong>Reddit:<\/strong> <a href=\"https:\/\/www.reddit.com\/user\/chefjohuys\/\">u\/ChefJoHuys<\/a><\/li>\n<\/ul>\n\n<p>\ud83d\udce7 <strong>Per E-Mail:<\/strong> <a href=\"mailto:chefjo@johuys.be\" target=\"_blank\" rel=\"noreferrer noopener\">chefjo@johuys.be<\/a><\/p>\n\n<p><strong>Vielen Dank f\u00fcr Ihre Unterst\u00fctzung!<\/strong><\/p>\n\n<p><\/p>\n\n<p><\/p>\n","protected":false},"excerpt":{"rendered":"<p>\u00dcber mich: Vom Code zur kulinarischen Kreativit\u00e4t Herzlich willkommen! Ich bin Jo Huys, Softwareentwickler mit einer Leidenschaft f\u00fcr das Kochen [&hellip;]<\/p>\n","protected":false},"author":1,"featured_media":0,"parent":0,"menu_order":0,"comment_status":"closed","ping_status":"closed","template":"","meta":{"_acf_changed":false,"rop_custom_images_group":[],"rop_custom_messages_group":[],"rop_publish_now":"initial","rop_publish_now_accounts":[],"rop_publish_now_history":[],"rop_publish_now_status":"pending","_uag_custom_page_level_css":"","wprm-recipe-roundup-name":"","wprm-recipe-roundup-description":"","wpupg_custom_link":[],"wpupg_custom_link_behaviour":[],"wpupg_custom_link_nofollow":[],"wpupg_custom_image":[],"wpupg_custom_image_id":[],"site-sidebar-layout":"default","site-content-layout":"","ast-site-content-layout":"default","site-content-style":"default","site-sidebar-style":"default","ast-global-header-display":"","ast-banner-title-visibility":"","ast-main-header-display":"","ast-hfb-above-header-display":"","ast-hfb-below-header-display":"","ast-hfb-mobile-header-display":"","site-post-title":"","ast-breadcrumbs-content":"","ast-featured-img":"","footer-sml-layout":"","ast-disable-related-posts":"","theme-transparent-header-meta":"","adv-header-id-meta":"","stick-header-meta":"","header-above-stick-meta":"","header-main-stick-meta":"","header-below-stick-meta":"","astra-migrate-meta-layouts":"default","ast-page-background-enabled":"default","ast-page-background-meta":{"desktop":{"background-color":"var(--ast-global-color-4)","background-image":"","background-repeat":"repeat","background-position":"center center","background-size":"auto","background-attachment":"scroll","background-type":"","background-media":"","overlay-type":"","overlay-color":"","overlay-opacity":"","overlay-gradient":""},"tablet":{"background-color":"","background-image":"","background-repeat":"repeat","background-position":"center center","background-size":"auto","background-attachment":"scroll","background-type":"","background-media":"","overlay-type":"","overlay-color":"","overlay-opacity":"","overlay-gradient":""},"mobile":{"background-color":"","background-image":"","background-repeat":"repeat","background-position":"center center","background-size":"auto","background-attachment":"scroll","background-type":"","background-media":"","overlay-type":"","overlay-color":"","overlay-opacity":"","overlay-gradient":""}},"ast-content-background-meta":{"desktop":{"background-color":"var(--ast-global-color-5)","background-image":"","background-repeat":"repeat","background-position":"center center","background-size":"auto","background-attachment":"scroll","background-type":"","background-media":"","overlay-type":"","overlay-color":"","overlay-opacity":"","overlay-gradient":""},"tablet":{"background-color":"var(--ast-global-color-5)","background-image":"","background-repeat":"repeat","background-position":"center center","background-size":"auto","background-attachment":"scroll","background-type":"","background-media":"","overlay-type":"","overlay-color":"","overlay-opacity":"","overlay-gradient":""},"mobile":{"background-color":"var(--ast-global-color-5)","background-image":"","background-repeat":"repeat","background-position":"center center","background-size":"auto","background-attachment":"scroll","background-type":"","background-media":"","overlay-type":"","overlay-color":"","overlay-opacity":"","overlay-gradient":""}},"footnotes":""},"class_list":["post-6147","page","type-page","status-publish","hentry"],"acf":[],"yoast_head":"<!-- This site is optimized with the Yoast SEO Premium plugin v27.3 (Yoast SEO v27.3) - https:\/\/yoast.com\/product\/yoast-seo-premium-wordpress\/ -->\n<title>\u00dcber mich - Jo Huys<\/title>\n<meta name=\"robots\" content=\"noindex, follow\" \/>\n<meta property=\"og:locale\" content=\"de_DE\" \/>\n<meta property=\"og:type\" content=\"article\" \/>\n<meta property=\"og:title\" content=\"\u00dcber mich\" \/>\n<meta property=\"og:description\" content=\"\u00dcber mich: Vom Code zur kulinarischen Kreativit\u00e4t Herzlich willkommen! Ich bin Jo Huys, Softwareentwickler mit einer Leidenschaft f\u00fcr das Kochen [&hellip;]\" \/>\n<meta property=\"og:url\" content=\"https:\/\/johuys.be\/de\/ueber-mich\/\" \/>\n<meta property=\"og:site_name\" content=\"Jo Huys\" \/>\n<meta property=\"article:publisher\" content=\"https:\/\/www.facebook.com\/huysjo\" \/>\n<meta property=\"article:modified_time\" content=\"2026-02-14T13:55:03+00:00\" \/>\n<meta name=\"twitter:card\" content=\"summary_large_image\" \/>\n<meta name=\"twitter:label1\" content=\"Gesch\u00e4tzte Lesezeit\" \/>\n\t<meta name=\"twitter:data1\" content=\"2 Minuten\" \/>\n<script type=\"application\/ld+json\" class=\"yoast-schema-graph\">{\"@context\":\"https:\\\/\\\/schema.org\",\"@graph\":[{\"@type\":\"WebPage\",\"@id\":\"https:\\\/\\\/johuys.be\\\/de\\\/ueber-mich\\\/\",\"url\":\"https:\\\/\\\/johuys.be\\\/de\\\/ueber-mich\\\/\",\"name\":\"\u00dcber mich - Jo Huys\",\"isPartOf\":{\"@id\":\"https:\\\/\\\/johuys.be\\\/de\\\/#website\"},\"datePublished\":\"2023-10-06T17:09:34+00:00\",\"dateModified\":\"2026-02-14T13:55:03+00:00\",\"breadcrumb\":{\"@id\":\"https:\\\/\\\/johuys.be\\\/de\\\/ueber-mich\\\/#breadcrumb\"},\"inLanguage\":\"de\",\"potentialAction\":[{\"@type\":\"ReadAction\",\"target\":[\"https:\\\/\\\/johuys.be\\\/de\\\/ueber-mich\\\/\"]}]},{\"@type\":\"BreadcrumbList\",\"@id\":\"https:\\\/\\\/johuys.be\\\/de\\\/ueber-mich\\\/#breadcrumb\",\"itemListElement\":[{\"@type\":\"ListItem\",\"position\":1,\"name\":\"Startseite\",\"item\":\"https:\\\/\\\/johuys.be\\\/de\\\/rezepte-der-saison\\\/\"},{\"@type\":\"ListItem\",\"position\":2,\"name\":\"\u00dcber mich\"}]},{\"@type\":\"WebSite\",\"@id\":\"https:\\\/\\\/johuys.be\\\/de\\\/#website\",\"url\":\"https:\\\/\\\/johuys.be\\\/de\\\/\",\"name\":\"Foodie Jo Huys\",\"description\":\"Nur Einige Rezepte\",\"publisher\":{\"@id\":\"https:\\\/\\\/johuys.be\\\/de\\\/#\\\/schema\\\/person\\\/d840f46d9b517977afb31e97943c1b23\"},\"alternateName\":\"Jo Huys Food Blog\",\"potentialAction\":[{\"@type\":\"SearchAction\",\"target\":{\"@type\":\"EntryPoint\",\"urlTemplate\":\"https:\\\/\\\/johuys.be\\\/de\\\/?s={search_term_string}\"},\"query-input\":{\"@type\":\"PropertyValueSpecification\",\"valueRequired\":true,\"valueName\":\"search_term_string\"}}],\"inLanguage\":\"de\"},{\"@type\":[\"Person\",\"Organization\"],\"@id\":\"https:\\\/\\\/johuys.be\\\/de\\\/#\\\/schema\\\/person\\\/d840f46d9b517977afb31e97943c1b23\",\"name\":\"Jo Huys\",\"image\":{\"@type\":\"ImageObject\",\"inLanguage\":\"de\",\"@id\":\"https:\\\/\\\/johuys.be\\\/wp-content\\\/uploads\\\/2020\\\/11\\\/cropped-logoJo-4.jpg\",\"url\":\"https:\\\/\\\/johuys.be\\\/wp-content\\\/uploads\\\/2020\\\/11\\\/cropped-logoJo-4.jpg\",\"contentUrl\":\"https:\\\/\\\/johuys.be\\\/wp-content\\\/uploads\\\/2020\\\/11\\\/cropped-logoJo-4.jpg\",\"width\":246,\"height\":300,\"caption\":\"Jo Huys\"},\"logo\":{\"@id\":\"https:\\\/\\\/johuys.be\\\/wp-content\\\/uploads\\\/2020\\\/11\\\/cropped-logoJo-4.jpg\"},\"sameAs\":[\"http:\\\/\\\/abeja.be\\\/foodie\",\"https:\\\/\\\/www.facebook.com\\\/huysjo\",\"https:\\\/\\\/www.linkedin.com\\\/in\\\/johuys\\\/\"]}]}<\/script>\n<!-- \/ Yoast SEO Premium plugin. -->","yoast_head_json":{"title":"\u00dcber mich - Jo Huys","robots":{"index":"noindex","follow":"follow"},"og_locale":"de_DE","og_type":"article","og_title":"\u00dcber mich","og_description":"\u00dcber mich: Vom Code zur kulinarischen Kreativit\u00e4t Herzlich willkommen! Ich bin Jo Huys, Softwareentwickler mit einer Leidenschaft f\u00fcr das Kochen [&hellip;]","og_url":"https:\/\/johuys.be\/de\/ueber-mich\/","og_site_name":"Jo Huys","article_publisher":"https:\/\/www.facebook.com\/huysjo","article_modified_time":"2026-02-14T13:55:03+00:00","twitter_card":"summary_large_image","twitter_misc":{"Gesch\u00e4tzte Lesezeit":"2 Minuten"},"schema":{"@context":"https:\/\/schema.org","@graph":[{"@type":"WebPage","@id":"https:\/\/johuys.be\/de\/ueber-mich\/","url":"https:\/\/johuys.be\/de\/ueber-mich\/","name":"\u00dcber mich - Jo Huys","isPartOf":{"@id":"https:\/\/johuys.be\/de\/#website"},"datePublished":"2023-10-06T17:09:34+00:00","dateModified":"2026-02-14T13:55:03+00:00","breadcrumb":{"@id":"https:\/\/johuys.be\/de\/ueber-mich\/#breadcrumb"},"inLanguage":"de","potentialAction":[{"@type":"ReadAction","target":["https:\/\/johuys.be\/de\/ueber-mich\/"]}]},{"@type":"BreadcrumbList","@id":"https:\/\/johuys.be\/de\/ueber-mich\/#breadcrumb","itemListElement":[{"@type":"ListItem","position":1,"name":"Startseite","item":"https:\/\/johuys.be\/de\/rezepte-der-saison\/"},{"@type":"ListItem","position":2,"name":"\u00dcber mich"}]},{"@type":"WebSite","@id":"https:\/\/johuys.be\/de\/#website","url":"https:\/\/johuys.be\/de\/","name":"Foodie Jo Huys","description":"Nur Einige Rezepte","publisher":{"@id":"https:\/\/johuys.be\/de\/#\/schema\/person\/d840f46d9b517977afb31e97943c1b23"},"alternateName":"Jo Huys Food Blog","potentialAction":[{"@type":"SearchAction","target":{"@type":"EntryPoint","urlTemplate":"https:\/\/johuys.be\/de\/?s={search_term_string}"},"query-input":{"@type":"PropertyValueSpecification","valueRequired":true,"valueName":"search_term_string"}}],"inLanguage":"de"},{"@type":["Person","Organization"],"@id":"https:\/\/johuys.be\/de\/#\/schema\/person\/d840f46d9b517977afb31e97943c1b23","name":"Jo Huys","image":{"@type":"ImageObject","inLanguage":"de","@id":"https:\/\/johuys.be\/wp-content\/uploads\/2020\/11\/cropped-logoJo-4.jpg","url":"https:\/\/johuys.be\/wp-content\/uploads\/2020\/11\/cropped-logoJo-4.jpg","contentUrl":"https:\/\/johuys.be\/wp-content\/uploads\/2020\/11\/cropped-logoJo-4.jpg","width":246,"height":300,"caption":"Jo Huys"},"logo":{"@id":"https:\/\/johuys.be\/wp-content\/uploads\/2020\/11\/cropped-logoJo-4.jpg"},"sameAs":["http:\/\/abeja.be\/foodie","https:\/\/www.facebook.com\/huysjo","https:\/\/www.linkedin.com\/in\/johuys\/"]}]}},"spectra_custom_meta":{"_top_nav_excluded":[""],"_cms_nav_minihome":[""],"_last_translation_edit_mode":["translation-editor"],"_wp_page_template":[""],"_yoast_indexnow_last_ping":["1771077303"],"_yoast_wpseo_focuskeywords":[""],"wprm_rating_no_text_comments":["a:0:{}"],"_wp_attachment_metadata":[""],"_wpml_word_count":["406"],"_yoast_wpseo_focuskw":["\u00dcber mich"],"_yoast_wpseo_keywordsynonyms":[""],"copied_media_ids":["a:0:{}"],"referenced_media_ids":["a:0:{}"],"_yoast_wpseo_meta-robots-noindex":["1"],"_uag_css_file_name":["uag-css-6147.css"],"_uag_page_assets":["a:9:{s:3:\"css\";s:263:\".uag-blocks-common-selector{z-index:var(--z-index-desktop) !important}@media (max-width: 976px){.uag-blocks-common-selector{z-index:var(--z-index-tablet) !important}}@media (max-width: 767px){.uag-blocks-common-selector{z-index:var(--z-index-mobile) !important}}\n\";s:2:\"js\";s:0:\"\";s:18:\"current_block_list\";a:13:{i:0;s:14:\"core\/paragraph\";i:1;s:12:\"core\/heading\";i:2;s:9:\"core\/list\";i:3;s:14:\"core\/list-item\";i:4;s:20:\"wp-recipe-maker\/list\";i:5;s:10:\"core\/group\";i:6;s:17:\"core\/widget-group\";i:7;s:15:\"core\/categories\";i:8;s:17:\"core\/social-links\";i:10;s:17:\"core\/latest-posts\";i:11;s:11:\"core\/search\";i:12;s:23:\"jetpack\/sharing-buttons\";i:13;s:21:\"jetpack\/related-posts\";}s:8:\"uag_flag\";b:0;s:11:\"uag_version\";s:10:\"1776307568\";s:6:\"gfonts\";a:1:{s:7:\"Default\";a:2:{s:10:\"fontfamily\";s:7:\"Default\";s:12:\"fontvariants\";a:0:{}}}s:10:\"gfonts_url\";s:0:\"\";s:12:\"gfonts_files\";a:0:{}s:14:\"uag_faq_layout\";b:0;}"]},"uagb_featured_image_src":{"full":false,"thumbnail":false,"medium":false,"medium_large":false,"large":false,"1536x1536":false,"2048x2048":false,"wprm-metadata-1_1":false,"wprm-metadata-4_3":false,"wprm-metadata-16_9":false},"uagb_author_info":{"display_name":"Jo Huys","author_link":"https:\/\/johuys.be\/de\/author\/johuys\/"},"uagb_comment_info":0,"uagb_excerpt":"\u00dcber mich: Vom Code zur kulinarischen Kreativit\u00e4t Herzlich willkommen! Ich bin Jo Huys, Softwareentwickler mit einer Leidenschaft f\u00fcr das Kochen [&hellip;]","jetpack_sharing_enabled":true,"_links":{"self":[{"href":"https:\/\/johuys.be\/de\/wp-json\/wp\/v2\/pages\/6147","targetHints":{"allow":["GET"]}}],"collection":[{"href":"https:\/\/johuys.be\/de\/wp-json\/wp\/v2\/pages"}],"about":[{"href":"https:\/\/johuys.be\/de\/wp-json\/wp\/v2\/types\/page"}],"author":[{"embeddable":true,"href":"https:\/\/johuys.be\/de\/wp-json\/wp\/v2\/users\/1"}],"replies":[{"embeddable":true,"href":"https:\/\/johuys.be\/de\/wp-json\/wp\/v2\/comments?post=6147"}],"version-history":[{"count":0,"href":"https:\/\/johuys.be\/de\/wp-json\/wp\/v2\/pages\/6147\/revisions"}],"wp:attachment":[{"href":"https:\/\/johuys.be\/de\/wp-json\/wp\/v2\/media?parent=6147"}],"curies":[{"name":"wp","href":"https:\/\/api.w.org\/{rel}","templated":true}]}}